{"id":2195,"date":"2023-01-01T11:37:25","date_gmt":"2023-01-01T15:37:25","guid":{"rendered":"https:\/\/pastocalle.gob.ec\/cotopaxi\/?page_id=2195"},"modified":"2023-12-11T13:02:16","modified_gmt":"2023-12-11T17:02:16","slug":"rendicion-de-cuentas-2023","status":"publish","type":"page","link":"https:\/\/pastocalle.gob.ec\/cotopaxi\/rendicion-de-cuentas-2023\/","title":{"rendered":"Rendici\u00f3n de Cuentas 2023"},"content":{"rendered":"<p><a href=\"https:\/\/pastocalle.gob.ec\/cotopaxi\/wp-content\/uploads\/2023\/05\/RENDICION-DE-CUENTAS-2022.pdf\">RENDICI\u00d3N DE CUENTAS 2022<\/a><\/p>\n<p><a href=\"https:\/\/pastocalle.gob.ec\/cotopaxi\/wp-content\/uploads\/2023\/08\/RENDICION-CUENTAS-NANCY-IZA-2022.pdf\">RENDICION CUENTAS NANCY IZA 2022<\/a><\/p>\n<p><a href=\"https:\/\/pastocalle.gob.ec\/cotopaxi\/wp-content\/uploads\/2023\/08\/Rendicion-de-cuentas-ano-2022-Sr.-Javier-Aliaga.pdf\">Rendicion de cuentas a\u00f1o 2022 Sr. Javier Aliaga<\/a><\/p>\n<p><a href=\"https:\/\/pastocalle.gob.ec\/cotopaxi\/wp-content\/uploads\/2023\/08\/Rendicion-de-cuentas-ano-2022-sr.-Juan-Choriboga.pdf\">Rendicion de cuentas a\u00f1o 2022 sr. Juan Choriboga<\/a><\/p>\n<p><a href=\"https:\/\/pastocalle.gob.ec\/cotopaxi\/wp-content\/uploads\/2023\/12\/Rendicion-de-cuentas-Jessica-Tapanta-2022-1.pdf\">Rendicion de cuentas Jessica Tapanta 2022 (1)<\/a><\/p>\n<p><a href=\"https:\/\/pastocalle.gob.ec\/cotopaxi\/wp-content\/uploads\/2023\/08\/Rendicion-de-cuentas-ano-2022-Srta.-Rosita-Bustillos.pdf\">Rendicion de cuentas a\u00f1o 2022 Srta. Rosita Bustillos<\/a><\/p>\n<p><a href=\"https:\/\/pastocalle.gob.ec\/cotopaxi\/wp-content\/uploads\/2023\/08\/INFORME-DE-RENDICION-DE-CUENTAS-No-del-GADPRSJP.pdf\">INFORME DE RENDICI\u00d3N DE CUENTAS No del GADPRSJP<\/a><\/p>\n<p><a href=\"https:\/\/pastocalle.gob.ec\/cotopaxi\/wp-content\/uploads\/2023\/12\/Imforme-Fin-de-Gestion-Jessica-Toapanta.pdf\">Imforme Fin de Gestio\u0301n Jessica Toapanta<\/a><\/p>\n<p><a href=\"https:\/\/pastocalle.gob.ec\/cotopaxi\/wp-content\/uploads\/2023\/08\/NFORME-DE-FIN-DE-GESTION-DE-RENDICION-Sr.-Juan-Chiriboga.pdf\">NFORME DE FIN DE GESTI\u00d3N DE RENDICI\u00d3N Sr. Juan Chiriboga<\/a><\/p>\n<p><a href=\"https:\/\/pastocalle.gob.ec\/cotopaxi\/wp-content\/uploads\/2023\/09\/Imforme-Fin-de-Gestion-Sra-Nancy-Iza.pdf\">Imforme Fin de Gestion Sra Nancy Iza<\/a><\/p>\n<p><a href=\"https:\/\/pastocalle.gob.ec\/cotopaxi\/wp-content\/uploads\/2023\/10\/Imforme-Fin-de-Gestion-Srta.-Rosita-Bustillos.pdf\">Imforme Fin de Gestion Srta. Rosita Bustillos<\/a><\/p>\n<p><a href=\"https:\/\/pastocalle.gob.ec\/cotopaxi\/wp-content\/uploads\/2023\/12\/Imforme-Fin-de-Gestion-Sr-Javier-Aliaga.pdf\">Imforme Fin de Gestion &#8211; Sr Javier Aliaga<\/a><\/p>\n","protected":false},"excerpt":{"rendered":"<p>RENDICI\u00d3N DE CUENTAS 2022 RENDICION CUENTAS NANCY IZA 2022 Rendicion de cuentas a\u00f1o 2022 Sr. Javier Aliaga Rendicion de cuentas a\u00f1o 2022 sr. Juan Choriboga Rendicion de cuentas Jessica Tapanta 2022 (1) Rendicion de cuentas a\u00f1o 2022 Srta. Rosita Bustillos INFORME DE RENDICI\u00d3N DE CUENTAS No del GADPRSJP Imforme Fin de Gestio\u0301n Jessica Toapanta NFORME [&hellip;]<\/p>\n","protected":false},"author":2,"featured_media":0,"parent":0,"menu_order":0,"comment_status":"closed","ping_status":"closed","template":"","meta":{"footnotes":""},"class_list":["post-2195","page","type-page","status-publish","hentry"],"yoast_head":"<!-- This site is optimized with the Yoast SEO plugin v26.9 - https:\/\/yoast.com\/product\/yoast-seo-wordpress\/ -->\n<title>Rendici\u00f3n de Cuentas 2023 - GAD parroquial Pastocalle<\/title>\n<meta name=\"robots\" content=\"index, follow, max-snippet:-1, max-image-preview:large, max-video-preview:-1\" \/>\n<link rel=\"canonical\" href=\"https:\/\/pastocalle.gob.ec\/cotopaxi\/rendicion-de-cuentas-2023\/\" \/>\n<meta property=\"og:locale\" content=\"es_ES\" \/>\n<meta property=\"og:type\" content=\"article\" \/>\n<meta property=\"og:title\" content=\"Rendici\u00f3n de Cuentas 2023 - GAD parroquial Pastocalle\" \/>\n<meta property=\"og:description\" content=\"RENDICI\u00d3N DE CUENTAS 2022 RENDICION CUENTAS NANCY IZA 2022 Rendicion de cuentas a\u00f1o 2022 Sr. Javier Aliaga Rendicion de cuentas a\u00f1o 2022 sr. Juan Choriboga Rendicion de cuentas Jessica Tapanta 2022 (1) Rendicion de cuentas a\u00f1o 2022 Srta. Rosita Bustillos INFORME DE RENDICI\u00d3N DE CUENTAS No del GADPRSJP Imforme Fin de Gestio\u0301n Jessica Toapanta NFORME [&hellip;]\" \/>\n<meta property=\"og:url\" content=\"https:\/\/pastocalle.gob.ec\/cotopaxi\/rendicion-de-cuentas-2023\/\" \/>\n<meta property=\"og:site_name\" content=\"GAD parroquial Pastocalle\" \/>\n<meta property=\"article:modified_time\" content=\"2023-12-11T17:02:16+00:00\" \/>\n<meta name=\"twitter:card\" content=\"summary_large_image\" \/>\n<meta name=\"twitter:label1\" content=\"Tiempo de lectura\" \/>\n\t<meta name=\"twitter:data1\" content=\"1 minuto\" \/>\n<script type=\"application\/ld+json\" class=\"yoast-schema-graph\">{\"@context\":\"https:\/\/schema.org\",\"@graph\":[{\"@type\":\"WebPage\",\"@id\":\"https:\/\/pastocalle.gob.ec\/cotopaxi\/rendicion-de-cuentas-2023\/\",\"url\":\"https:\/\/pastocalle.gob.ec\/cotopaxi\/rendicion-de-cuentas-2023\/\",\"name\":\"Rendici\u00f3n de Cuentas 2023 - GAD parroquial Pastocalle\",\"isPartOf\":{\"@id\":\"https:\/\/pastocalle.gob.ec\/cotopaxi\/#website\"},\"datePublished\":\"2023-01-01T15:37:25+00:00\",\"dateModified\":\"2023-12-11T17:02:16+00:00\",\"breadcrumb\":{\"@id\":\"https:\/\/pastocalle.gob.ec\/cotopaxi\/rendicion-de-cuentas-2023\/#breadcrumb\"},\"inLanguage\":\"es\",\"potentialAction\":[{\"@type\":\"ReadAction\",\"target\":[\"https:\/\/pastocalle.gob.ec\/cotopaxi\/rendicion-de-cuentas-2023\/\"]}]},{\"@type\":\"BreadcrumbList\",\"@id\":\"https:\/\/pastocalle.gob.ec\/cotopaxi\/rendicion-de-cuentas-2023\/#breadcrumb\",\"itemListElement\":[{\"@type\":\"ListItem\",\"position\":1,\"name\":\"Home\",\"item\":\"https:\/\/pastocalle.gob.ec\/cotopaxi\/\"},{\"@type\":\"ListItem\",\"position\":2,\"name\":\"Rendici\u00f3n de Cuentas 2023\"}]},{\"@type\":\"WebSite\",\"@id\":\"https:\/\/pastocalle.gob.ec\/cotopaxi\/#website\",\"url\":\"https:\/\/pastocalle.gob.ec\/cotopaxi\/\",\"name\":\"GAD Parroquial de Pastocalle\",\"description\":\"Sitio Oficial del GAD Parroquial de Pastocalle Cotopaxi\",\"publisher\":{\"@id\":\"https:\/\/pastocalle.gob.ec\/cotopaxi\/#organization\"},\"potentialAction\":[{\"@type\":\"SearchAction\",\"target\":{\"@type\":\"EntryPoint\",\"urlTemplate\":\"https:\/\/pastocalle.gob.ec\/cotopaxi\/?s={search_term_string}\"},\"query-input\":{\"@type\":\"PropertyValueSpecification\",\"valueRequired\":true,\"valueName\":\"search_term_string\"}}],\"inLanguage\":\"es\"},{\"@type\":\"Organization\",\"@id\":\"https:\/\/pastocalle.gob.ec\/cotopaxi\/#organization\",\"name\":\"GAD Parroquial de Pastocalle\",\"url\":\"https:\/\/pastocalle.gob.ec\/cotopaxi\/\",\"logo\":{\"@type\":\"ImageObject\",\"inLanguage\":\"es\",\"@id\":\"https:\/\/pastocalle.gob.ec\/cotopaxi\/#\/schema\/logo\/image\/\",\"url\":\"https:\/\/pastocalle.gob.ec\/cotopaxi\/wp-content\/uploads\/2020\/06\/logoFooter.png\",\"contentUrl\":\"https:\/\/pastocalle.gob.ec\/cotopaxi\/wp-content\/uploads\/2020\/06\/logoFooter.png\",\"width\":160,\"height\":156,\"caption\":\"GAD Parroquial de Pastocalle\"},\"image\":{\"@id\":\"https:\/\/pastocalle.gob.ec\/cotopaxi\/#\/schema\/logo\/image\/\"}}]}<\/script>\n<!-- \/ Yoast SEO plugin. -->","yoast_head_json":{"title":"Rendici\u00f3n de Cuentas 2023 - GAD parroquial Pastocalle","robots":{"index":"index","follow":"follow","max-snippet":"max-snippet:-1","max-image-preview":"max-image-preview:large","max-video-preview":"max-video-preview:-1"},"canonical":"https:\/\/pastocalle.gob.ec\/cotopaxi\/rendicion-de-cuentas-2023\/","og_locale":"es_ES","og_type":"article","og_title":"Rendici\u00f3n de Cuentas 2023 - GAD parroquial Pastocalle","og_description":"RENDICI\u00d3N DE CUENTAS 2022 RENDICION CUENTAS NANCY IZA 2022 Rendicion de cuentas a\u00f1o 2022 Sr. Javier Aliaga Rendicion de cuentas a\u00f1o 2022 sr. Juan Choriboga Rendicion de cuentas Jessica Tapanta 2022 (1) Rendicion de cuentas a\u00f1o 2022 Srta. Rosita Bustillos INFORME DE RENDICI\u00d3N DE CUENTAS No del GADPRSJP Imforme Fin de Gestio\u0301n Jessica Toapanta NFORME [&hellip;]","og_url":"https:\/\/pastocalle.gob.ec\/cotopaxi\/rendicion-de-cuentas-2023\/","og_site_name":"GAD parroquial Pastocalle","article_modified_time":"2023-12-11T17:02:16+00:00","twitter_card":"summary_large_image","twitter_misc":{"Tiempo de lectura":"1 minuto"},"schema":{"@context":"https:\/\/schema.org","@graph":[{"@type":"WebPage","@id":"https:\/\/pastocalle.gob.ec\/cotopaxi\/rendicion-de-cuentas-2023\/","url":"https:\/\/pastocalle.gob.ec\/cotopaxi\/rendicion-de-cuentas-2023\/","name":"Rendici\u00f3n de Cuentas 2023 - GAD parroquial Pastocalle","isPartOf":{"@id":"https:\/\/pastocalle.gob.ec\/cotopaxi\/#website"},"datePublished":"2023-01-01T15:37:25+00:00","dateModified":"2023-12-11T17:02:16+00:00","breadcrumb":{"@id":"https:\/\/pastocalle.gob.ec\/cotopaxi\/rendicion-de-cuentas-2023\/#breadcrumb"},"inLanguage":"es","potentialAction":[{"@type":"ReadAction","target":["https:\/\/pastocalle.gob.ec\/cotopaxi\/rendicion-de-cuentas-2023\/"]}]},{"@type":"BreadcrumbList","@id":"https:\/\/pastocalle.gob.ec\/cotopaxi\/rendicion-de-cuentas-2023\/#breadcrumb","itemListElement":[{"@type":"ListItem","position":1,"name":"Home","item":"https:\/\/pastocalle.gob.ec\/cotopaxi\/"},{"@type":"ListItem","position":2,"name":"Rendici\u00f3n de Cuentas 2023"}]},{"@type":"WebSite","@id":"https:\/\/pastocalle.gob.ec\/cotopaxi\/#website","url":"https:\/\/pastocalle.gob.ec\/cotopaxi\/","name":"GAD Parroquial de Pastocalle","description":"Sitio Oficial del GAD Parroquial de Pastocalle Cotopaxi","publisher":{"@id":"https:\/\/pastocalle.gob.ec\/cotopaxi\/#organization"},"potentialAction":[{"@type":"SearchAction","target":{"@type":"EntryPoint","urlTemplate":"https:\/\/pastocalle.gob.ec\/cotopaxi\/?s={search_term_string}"},"query-input":{"@type":"PropertyValueSpecification","valueRequired":true,"valueName":"search_term_string"}}],"inLanguage":"es"},{"@type":"Organization","@id":"https:\/\/pastocalle.gob.ec\/cotopaxi\/#organization","name":"GAD Parroquial de Pastocalle","url":"https:\/\/pastocalle.gob.ec\/cotopaxi\/","logo":{"@type":"ImageObject","inLanguage":"es","@id":"https:\/\/pastocalle.gob.ec\/cotopaxi\/#\/schema\/logo\/image\/","url":"https:\/\/pastocalle.gob.ec\/cotopaxi\/wp-content\/uploads\/2020\/06\/logoFooter.png","contentUrl":"https:\/\/pastocalle.gob.ec\/cotopaxi\/wp-content\/uploads\/2020\/06\/logoFooter.png","width":160,"height":156,"caption":"GAD Parroquial de Pastocalle"},"image":{"@id":"https:\/\/pastocalle.gob.ec\/cotopaxi\/#\/schema\/logo\/image\/"}}]}},"_links":{"self":[{"href":"https:\/\/pastocalle.gob.ec\/cotopaxi\/wp-json\/wp\/v2\/pages\/2195","targetHints":{"allow":["GET"]}}],"collection":[{"href":"https:\/\/pastocalle.gob.ec\/cotopaxi\/wp-json\/wp\/v2\/pages"}],"about":[{"href":"https:\/\/pastocalle.gob.ec\/cotopaxi\/wp-json\/wp\/v2\/types\/page"}],"author":[{"embeddable":true,"href":"https:\/\/pastocalle.gob.ec\/cotopaxi\/wp-json\/wp\/v2\/users\/2"}],"replies":[{"embeddable":true,"href":"https:\/\/pastocalle.gob.ec\/cotopaxi\/wp-json\/wp\/v2\/comments?post=2195"}],"version-history":[{"count":8,"href":"https:\/\/pastocalle.gob.ec\/cotopaxi\/wp-json\/wp\/v2\/pages\/2195\/revisions"}],"predecessor-version":[{"id":3360,"href":"https:\/\/pastocalle.gob.ec\/cotopaxi\/wp-json\/wp\/v2\/pages\/2195\/revisions\/3360"}],"wp:attachment":[{"href":"https:\/\/pastocalle.gob.ec\/cotopaxi\/wp-json\/wp\/v2\/media?parent=2195"}],"curies":[{"name":"wp","href":"https:\/\/api.w.org\/{rel}","templated":true}]}}